{"id":6,"date":"2026-04-06T22:18:26","date_gmt":"2026-04-06T22:18:26","guid":{"rendered":"https:\/\/grow-canna.de\/?page_id=6"},"modified":"2026-04-07T23:36:18","modified_gmt":"2026-04-07T23:36:18","slug":"grundlagen","status":"publish","type":"page","link":"https:\/\/grow-canna.de\/index.php\/grundlagen\/","title":{"rendered":"Grundlagen"},"content":{"rendered":"\n<h1 class=\"wp-block-heading\">Cannabis Anbau: Die Grundlagen f\u00fcr deinen Erfolg<\/h1>\n\n\n\n<p>Der eigene Anbau von Cannabis ist eine faszinierende Reise \u2013 vom winzigen Samen bis zur duftenden Ernte. Doch wie jede Pflanze hat auch Cannabis spezifische Anspr\u00fcche an seine Umwelt. Wer die <strong>biologischen Grundlagen<\/strong> versteht, legt den Grundstein f\u00fcr gesundes Wachstum und maximale Ertr\u00e4ge.<\/p>\n\n\n\n<p>Hier erf\u00e4hrst du alles \u00fcber die wichtigsten S\u00e4ulen, auf denen ein erfolgreicher Homegrow steht. Klicke auf die Themen, um tiefere Einblicke und Profi-Tipps zu erhalten.<\/p>\n\n\n<style>.kadence-column6_18480f-69 > .kt-inside-inner-col,.kadence-column6_18480f-69 > .kt-inside-inner-col:before{border-top-left-radius:0px;border-top-right-radius:0px;border-bottom-right-radius:0px;border-bottom-left-radius:0px;}.kadence-column6_18480f-69 > .kt-inside-inner-col{column-gap:var(--global-kb-gap-sm, 1rem);}.kadence-column6_18480f-69 > .kt-inside-inner-col{flex-direction:column;}.kadence-column6_18480f-69 > .kt-inside-inner-col > .aligncenter{width:100%;}.kadence-column6_18480f-69 > .kt-inside-inner-col:before{opacity:0.3;}.kadence-column6_18480f-69{position:relative;}@media all and (max-width: 1024px){.kadence-column6_18480f-69 > .kt-inside-inner-col{flex-direction:column;justify-content:center;}}@media all and (max-width: 767px){.kadence-column6_18480f-69 > .kt-inside-inner-col{flex-direction:column;justify-content:center;}}<\/style>\n<div class=\"wp-block-kadence-column kadence-column6_18480f-69\"><div class=\"kt-inside-inner-col\"><style>.kb-row-layout-id6_4f83fd-aa > .kt-row-column-wrap{align-content:start;}:where(.kb-row-layout-id6_4f83fd-aa > .kt-row-column-wrap) > .wp-block-kadence-column{justify-content:start;}.kb-row-layout-id6_4f83fd-aa > .kt-row-column-wrap{column-gap:var(--global-kb-gap-md, 2rem);row-gap:var(--global-kb-gap-md, 2rem);padding-top:var(--global-kb-spacing-sm, 1.5rem);padding-bottom:var(--global-kb-spacing-sm, 1.5rem);}.kb-row-layout-id6_4f83fd-aa > .kt-row-column-wrap > div:not(.added-for-specificity){grid-column:initial;}.kb-row-layout-id6_4f83fd-aa > .kt-row-column-wrap{grid-template-columns:repeat(4, minmax(0, 1fr));}.kb-row-layout-id6_4f83fd-aa > .kt-row-layout-overlay{opacity:0.30;}@media all and (max-width: 1024px){.kb-row-layout-id6_4f83fd-aa > .kt-row-column-wrap > div:not(.added-for-specificity){grid-column:initial;}}@media all and (max-width: 1024px){.kb-row-layout-id6_4f83fd-aa > .kt-row-column-wrap{grid-template-columns:repeat(4, minmax(0, 1fr));}}@media all and (max-width: 767px){.kb-row-layout-id6_4f83fd-aa > .kt-row-column-wrap > div:not(.added-for-specificity){grid-column:initial;}.kb-row-layout-id6_4f83fd-aa > .kt-row-column-wrap{grid-template-columns:minmax(0, 1fr);}}<\/style><div class=\"kb-row-layout-wrap kb-row-layout-id6_4f83fd-aa alignnone wp-block-kadence-rowlayout\"><div class=\"kt-row-column-wrap kt-has-4-columns kt-row-layout-equal kt-tab-layout-inherit kt-mobile-layout-row kt-row-valign-top\">\n<style>.kadence-column6_13fe6a-17 > .kt-inside-inner-col,.kadence-column6_13fe6a-17 > .kt-inside-inner-col:before{border-top-left-radius:0px;border-top-right-radius:0px;border-bottom-right-radius:0px;border-bottom-left-radius:0px;}.kadence-column6_13fe6a-17 > .kt-inside-inner-col{column-gap:var(--global-kb-gap-sm, 1rem);}.kadence-column6_13fe6a-17 > .kt-inside-inner-col{flex-direction:column;}.kadence-column6_13fe6a-17 > .kt-inside-inner-col > .aligncenter{width:100%;}.kadence-column6_13fe6a-17 > .kt-inside-inner-col:before{opacity:0.3;}.kadence-column6_13fe6a-17{position:relative;}@media all and (max-width: 1024px){.kadence-column6_13fe6a-17 > .kt-inside-inner-col{flex-direction:column;justify-content:center;}}@media all and (max-width: 767px){.kadence-column6_13fe6a-17 > .kt-inside-inner-col{flex-direction:column;justify-content:center;}}<\/style>\n<div class=\"wp-block-kadence-column kadence-column6_13fe6a-17\"><div class=\"kt-inside-inner-col\"><style>.wp-block-kadence-column.kb-section-dir-horizontal > .kt-inside-inner-col > .kt-info-box6_c55792-f9 .kt-blocks-info-box-link-wrap{max-width:unset;}.kt-info-box6_c55792-f9 .kt-blocks-info-box-link-wrap{border-top:1px solid #248c2d;border-right:1px solid #248c2d;border-bottom:1px solid #248c2d;border-left:1px solid #248c2d;border-top-left-radius:20px;border-top-right-radius:20px;border-bottom-right-radius:20px;border-bottom-left-radius:20px;background:#ffffff;padding-top:var(--global-kb-spacing-sm, 1.5rem);padding-right:var(--global-kb-spacing-sm, 1.5rem);padding-bottom:var(--global-kb-spacing-sm, 1.5rem);padding-left:var(--global-kb-spacing-sm, 1.5rem);margin-top:50px;}.kt-info-box6_c55792-f9 .kadence-info-box-icon-container .kt-info-svg-icon, .kt-info-box6_c55792-f9 .kt-info-svg-icon-flip, .kt-info-box6_c55792-f9 .kt-blocks-info-box-number{font-size:50px;}.kt-info-box6_c55792-f9 .kt-blocks-info-box-media{background:#ffffff;border-color:#248c2d;border-radius:200px;overflow:hidden;border-top-width:1px;border-right-width:1px;border-bottom-width:1px;border-left-width:1px;padding-top:20px;padding-right:20px;padding-bottom:20px;padding-left:20px;}.kt-info-box6_c55792-f9 .kt-blocks-info-box-media-container{margin-top:-75px;margin-right:0px;margin-bottom:20px;margin-left:0px;}.kt-info-box6_c55792-f9 .kt-blocks-info-box-media .kadence-info-box-image-intrisic img{border-radius:200px;}.kt-info-box6_c55792-f9 .kt-infobox-textcontent h2.kt-blocks-info-box-title{padding-top:0px;padding-right:0px;padding-bottom:0px;padding-left:0px;margin-top:5px;margin-right:0px;margin-bottom:10px;margin-left:0px;}.wp-block-kadence-infobox.kt-info-box6_c55792-f9 .kt-blocks-info-box-text{font-size:var(--global-kb-font-size-sm, 0.9rem);font-style:normal;}.kt-info-box6_c55792-f9 .kt-blocks-info-box-text{min-height:600px;}.kt-info-box6_c55792-f9 .kt-blocks-info-box-learnmore{background:transparent;border-width:0px 0px 0px 0px;padding-top:4px;padding-right:8px;padding-bottom:4px;padding-left:8px;margin-top:10px;margin-right:0px;margin-bottom:10px;margin-left:0px;}@media all and (max-width: 1024px){.kt-info-box6_c55792-f9 .kt-blocks-info-box-link-wrap{border-top:1px solid #248c2d;border-right:1px solid #248c2d;border-bottom:1px solid #248c2d;border-left:1px solid #248c2d;}}@media all and (max-width: 1024px){.kt-info-box6_c55792-f9 .kt-blocks-info-box-text{min-height:0px;}}@media all and (max-width: 767px){.kt-info-box6_c55792-f9 .kt-blocks-info-box-link-wrap{border-top:1px solid #248c2d;border-right:1px solid #248c2d;border-bottom:1px solid #248c2d;border-left:1px solid #248c2d;}.kt-info-box6_c55792-f9 .kt-blocks-info-box-text{min-height:0px;}}<\/style>\n<div class=\"wp-block-kadence-infobox kt-info-box6_c55792-f9\"><span class=\"kt-blocks-info-box-link-wrap info-box-link kt-blocks-info-box-media-align-top kt-info-halign-left\"><div class=\"kt-blocks-info-box-media-container\"><div class=\"kt-blocks-info-box-media kt-info-media-animate-none\"><div class=\"kadence-info-box-icon-container kt-info-icon-animate-none\"><div class=\"kadence-info-box-icon-inner-container\"><span class=\"kb-svg-icon-wrap kb-svg-icon-fe_aperture kt-info-svg-icon\"><svg viewBox=\"0 0 24 24\"  fill=\"none\" stroke=\"currentColor\" stroke-width=\"2\" stroke-linecap=\"round\" stroke-linejoin=\"round\" xmlns=\"http:\/\/www.w3.org\/2000\/svg\"  aria-hidden=\"true\"><circle cx=\"12\" cy=\"12\" r=\"10\"\/><line x1=\"14.31\" y1=\"8\" x2=\"20.05\" y2=\"17.94\"\/><line x1=\"9.69\" y1=\"8\" x2=\"21.17\" y2=\"8\"\/><line x1=\"7.38\" y1=\"12\" x2=\"13.12\" y2=\"2.06\"\/><line x1=\"9.69\" y1=\"16\" x2=\"3.95\" y2=\"6.06\"\/><line x1=\"14.31\" y1=\"16\" x2=\"2.83\" y2=\"16\"\/><line x1=\"16.62\" y1=\"12\" x2=\"10.88\" y2=\"21.94\"\/><\/svg><\/span><\/div><\/div><\/div><\/div><div class=\"kt-infobox-textcontent\"><h2 class=\"kt-blocks-info-box-title\">Licht &amp; Wasser<\/h2><p class=\"kt-blocks-info-box-text\">Licht ist f\u00fcr Pflanzen die wichtigste Energiequelle. Beim Indoor-Anbau simulieren wir die Sonne. Dabei kommt es nicht nur auf die Helligkeit an, sondern auch auf das richtige <strong>Lichtspektrum<\/strong> und die <strong>Beleuchtungsdauer<\/strong>. Erfahre, warum LEDs heute der Standard sind und wie du die Photoperiode steuerst<\/p><\/div><\/span><\/div>\n<\/div><\/div>\n\n\n<style>.kadence-column6_671422-a0 > .kt-inside-inner-col,.kadence-column6_671422-a0 > .kt-inside-inner-col:before{border-top-left-radius:0px;border-top-right-radius:0px;border-bottom-right-radius:0px;border-bottom-left-radius:0px;}.kadence-column6_671422-a0 > .kt-inside-inner-col{column-gap:var(--global-kb-gap-sm, 1rem);}.kadence-column6_671422-a0 > .kt-inside-inner-col{flex-direction:column;}.kadence-column6_671422-a0 > .kt-inside-inner-col > .aligncenter{width:100%;}.kadence-column6_671422-a0 > .kt-inside-inner-col:before{opacity:0.3;}.kadence-column6_671422-a0{position:relative;}@media all and (max-width: 1024px){.kadence-column6_671422-a0 > .kt-inside-inner-col{flex-direction:column;justify-content:center;}}@media all and (max-width: 767px){.kadence-column6_671422-a0 > .kt-inside-inner-col{flex-direction:column;justify-content:center;}}<\/style>\n<div class=\"wp-block-kadence-column kadence-column6_671422-a0\"><div class=\"kt-inside-inner-col\"><style>.wp-block-kadence-column.kb-section-dir-horizontal > .kt-inside-inner-col > .kt-info-box6_67aa94-00 .kt-blocks-info-box-link-wrap{max-width:unset;}.kt-info-box6_67aa94-00 .kt-blocks-info-box-link-wrap{border-top:1px solid #248c2d;border-right:1px solid #248c2d;border-bottom:1px solid #248c2d;border-left:1px solid #248c2d;border-top-left-radius:20px;border-top-right-radius:20px;border-bottom-right-radius:20px;border-bottom-left-radius:20px;background:#ffffff;padding-top:var(--global-kb-spacing-sm, 1.5rem);padding-right:var(--global-kb-spacing-sm, 1.5rem);padding-bottom:var(--global-kb-spacing-sm, 1.5rem);padding-left:var(--global-kb-spacing-sm, 1.5rem);margin-top:50px;}.kt-info-box6_67aa94-00 .kadence-info-box-icon-container .kt-info-svg-icon, .kt-info-box6_67aa94-00 .kt-info-svg-icon-flip, .kt-info-box6_67aa94-00 .kt-blocks-info-box-number{font-size:50px;}.kt-info-box6_67aa94-00 .kt-blocks-info-box-media{background:#ffffff;border-color:#248c2d;border-radius:200px;overflow:hidden;border-top-width:1px;border-right-width:1px;border-bottom-width:1px;border-left-width:1px;padding-top:20px;padding-right:20px;padding-bottom:20px;padding-left:20px;}.kt-info-box6_67aa94-00 .kt-blocks-info-box-media-container{margin-top:-75px;margin-right:0px;margin-bottom:20px;margin-left:0px;}.kt-info-box6_67aa94-00 .kt-blocks-info-box-media .kadence-info-box-image-intrisic img{border-radius:200px;}.kt-info-box6_67aa94-00 .kt-infobox-textcontent h2.kt-blocks-info-box-title{padding-top:0px;padding-right:0px;padding-bottom:0px;padding-left:0px;margin-top:5px;margin-right:0px;margin-bottom:10px;margin-left:0px;}.wp-block-kadence-infobox.kt-info-box6_67aa94-00 .kt-blocks-info-box-text{font-size:var(--global-kb-font-size-sm, 0.9rem);font-style:normal;}.kt-info-box6_67aa94-00 .kt-blocks-info-box-text{min-height:600px;}.kt-info-box6_67aa94-00 .kt-blocks-info-box-learnmore{background:transparent;border-width:0px 0px 0px 0px;padding-top:4px;padding-right:8px;padding-bottom:4px;padding-left:8px;margin-top:10px;margin-right:0px;margin-bottom:10px;margin-left:0px;}@media all and (max-width: 1024px){.kt-info-box6_67aa94-00 .kt-blocks-info-box-link-wrap{border-top:1px solid #248c2d;border-right:1px solid #248c2d;border-bottom:1px solid #248c2d;border-left:1px solid #248c2d;}}@media all and (max-width: 1024px){.kt-info-box6_67aa94-00 .kt-blocks-info-box-text{min-height:0px;}}@media all and (max-width: 767px){.kt-info-box6_67aa94-00 .kt-blocks-info-box-link-wrap{border-top:1px solid #248c2d;border-right:1px solid #248c2d;border-bottom:1px solid #248c2d;border-left:1px solid #248c2d;}.kt-info-box6_67aa94-00 .kt-blocks-info-box-text{min-height:0px;}}<\/style>\n<div class=\"wp-block-kadence-infobox kt-info-box6_67aa94-00\"><span class=\"kt-blocks-info-box-link-wrap info-box-link kt-blocks-info-box-media-align-top kt-info-halign-left\"><div class=\"kt-blocks-info-box-media-container\"><div class=\"kt-blocks-info-box-media kt-info-media-animate-none\"><div class=\"kadence-info-box-icon-container kt-info-icon-animate-none\"><div class=\"kadence-info-box-icon-inner-container\"><span class=\"kb-svg-icon-wrap kb-svg-icon-fe_aperture kt-info-svg-icon\"><svg viewBox=\"0 0 24 24\"  fill=\"none\" stroke=\"currentColor\" stroke-width=\"2\" stroke-linecap=\"round\" stroke-linejoin=\"round\" xmlns=\"http:\/\/www.w3.org\/2000\/svg\"  aria-hidden=\"true\"><circle cx=\"12\" cy=\"12\" r=\"10\"\/><line x1=\"14.31\" y1=\"8\" x2=\"20.05\" y2=\"17.94\"\/><line x1=\"9.69\" y1=\"8\" x2=\"21.17\" y2=\"8\"\/><line x1=\"7.38\" y1=\"12\" x2=\"13.12\" y2=\"2.06\"\/><line x1=\"9.69\" y1=\"16\" x2=\"3.95\" y2=\"6.06\"\/><line x1=\"14.31\" y1=\"16\" x2=\"2.83\" y2=\"16\"\/><line x1=\"16.62\" y1=\"12\" x2=\"10.88\" y2=\"21.94\"\/><\/svg><\/span><\/div><\/div><\/div><\/div><div class=\"kt-infobox-textcontent\"><h2 class=\"kt-blocks-info-box-title\"><strong>Wasser &amp; pH-Wert<\/strong><\/h2><p class=\"kt-blocks-info-box-text\">Richtiges Gie\u00dfen ist eine Kunst f\u00fcr sich. Zu viel Wasser schadet genauso wie zu wenig. Zudem spielt der <strong>pH-Wert<\/strong> eine entscheidende Rolle: Ist er falsch eingestellt, kann die Pflanze trotz D\u00fcnger keine N\u00e4hrstoffe aufnehmen. Lerne, wie du dein Wasser richtig vorbereitest..<\/p><\/div><\/span><\/div>\n<\/div><\/div>\n\n\n<style>.kadence-column6_d5daf8-b7 > .kt-inside-inner-col,.kadence-column6_d5daf8-b7 > .kt-inside-inner-col:before{border-top-left-radius:0px;border-top-right-radius:0px;border-bottom-right-radius:0px;border-bottom-left-radius:0px;}.kadence-column6_d5daf8-b7 > .kt-inside-inner-col{column-gap:var(--global-kb-gap-sm, 1rem);}.kadence-column6_d5daf8-b7 > .kt-inside-inner-col{flex-direction:column;}.kadence-column6_d5daf8-b7 > .kt-inside-inner-col > .aligncenter{width:100%;}.kadence-column6_d5daf8-b7 > .kt-inside-inner-col:before{opacity:0.3;}.kadence-column6_d5daf8-b7{position:relative;}@media all and (max-width: 1024px){.kadence-column6_d5daf8-b7 > .kt-inside-inner-col{flex-direction:column;justify-content:center;}}@media all and (max-width: 767px){.kadence-column6_d5daf8-b7 > .kt-inside-inner-col{flex-direction:column;justify-content:center;}}<\/style>\n<div class=\"wp-block-kadence-column kadence-column6_d5daf8-b7\"><div class=\"kt-inside-inner-col\"><style>.wp-block-kadence-column.kb-section-dir-horizontal > .kt-inside-inner-col > .kt-info-box6_2136c1-31 .kt-blocks-info-box-link-wrap{max-width:unset;}.kt-info-box6_2136c1-31 .kt-blocks-info-box-link-wrap{border-top:1px solid #248c2d;border-right:1px solid #248c2d;border-bottom:1px solid #248c2d;border-left:1px solid #248c2d;border-top-left-radius:20px;border-top-right-radius:20px;border-bottom-right-radius:20px;border-bottom-left-radius:20px;background:#ffffff;padding-top:var(--global-kb-spacing-sm, 1.5rem);padding-right:var(--global-kb-spacing-sm, 1.5rem);padding-bottom:var(--global-kb-spacing-sm, 1.5rem);padding-left:var(--global-kb-spacing-sm, 1.5rem);margin-top:50px;}.kt-info-box6_2136c1-31 .kadence-info-box-icon-container .kt-info-svg-icon, .kt-info-box6_2136c1-31 .kt-info-svg-icon-flip, .kt-info-box6_2136c1-31 .kt-blocks-info-box-number{font-size:50px;}.kt-info-box6_2136c1-31 .kt-blocks-info-box-media{background:#ffffff;border-color:#248c2d;border-radius:200px;overflow:hidden;border-top-width:1px;border-right-width:1px;border-bottom-width:1px;border-left-width:1px;padding-top:20px;padding-right:20px;padding-bottom:20px;padding-left:20px;}.kt-info-box6_2136c1-31 .kt-blocks-info-box-media-container{margin-top:-75px;margin-right:0px;margin-bottom:20px;margin-left:0px;}.kt-info-box6_2136c1-31 .kt-blocks-info-box-media .kadence-info-box-image-intrisic img{border-radius:200px;}.kt-info-box6_2136c1-31 .kt-infobox-textcontent h2.kt-blocks-info-box-title{padding-top:0px;padding-right:0px;padding-bottom:0px;padding-left:0px;margin-top:5px;margin-right:0px;margin-bottom:10px;margin-left:0px;}.wp-block-kadence-infobox.kt-info-box6_2136c1-31 .kt-blocks-info-box-text{font-size:var(--global-kb-font-size-sm, 0.9rem);font-style:normal;}.kt-info-box6_2136c1-31 .kt-blocks-info-box-text{min-height:600px;}.kt-info-box6_2136c1-31 .kt-blocks-info-box-learnmore{background:transparent;border-width:0px 0px 0px 0px;padding-top:4px;padding-right:8px;padding-bottom:4px;padding-left:8px;margin-top:10px;margin-right:0px;margin-bottom:10px;margin-left:0px;}@media all and (max-width: 1024px){.kt-info-box6_2136c1-31 .kt-blocks-info-box-link-wrap{border-top:1px solid #248c2d;border-right:1px solid #248c2d;border-bottom:1px solid #248c2d;border-left:1px solid #248c2d;}}@media all and (max-width: 1024px){.kt-info-box6_2136c1-31 .kt-blocks-info-box-text{min-height:0px;}}@media all and (max-width: 767px){.kt-info-box6_2136c1-31 .kt-blocks-info-box-link-wrap{border-top:1px solid #248c2d;border-right:1px solid #248c2d;border-bottom:1px solid #248c2d;border-left:1px solid #248c2d;}.kt-info-box6_2136c1-31 .kt-blocks-info-box-text{min-height:0px;}}<\/style>\n<div class=\"wp-block-kadence-infobox kt-info-box6_2136c1-31\"><span class=\"kt-blocks-info-box-link-wrap info-box-link kt-blocks-info-box-media-align-top kt-info-halign-left\"><div class=\"kt-blocks-info-box-media-container\"><div class=\"kt-blocks-info-box-media kt-info-media-animate-none\"><div class=\"kadence-info-box-icon-container kt-info-icon-animate-none\"><div class=\"kadence-info-box-icon-inner-container\"><span class=\"kb-svg-icon-wrap kb-svg-icon-fe_aperture kt-info-svg-icon\"><svg viewBox=\"0 0 24 24\"  fill=\"none\" stroke=\"currentColor\" stroke-width=\"2\" stroke-linecap=\"round\" stroke-linejoin=\"round\" xmlns=\"http:\/\/www.w3.org\/2000\/svg\"  aria-hidden=\"true\"><circle cx=\"12\" cy=\"12\" r=\"10\"\/><line x1=\"14.31\" y1=\"8\" x2=\"20.05\" y2=\"17.94\"\/><line x1=\"9.69\" y1=\"8\" x2=\"21.17\" y2=\"8\"\/><line x1=\"7.38\" y1=\"12\" x2=\"13.12\" y2=\"2.06\"\/><line x1=\"9.69\" y1=\"16\" x2=\"3.95\" y2=\"6.06\"\/><line x1=\"14.31\" y1=\"16\" x2=\"2.83\" y2=\"16\"\/><line x1=\"16.62\" y1=\"12\" x2=\"10.88\" y2=\"21.94\"\/><\/svg><\/span><\/div><\/div><\/div><\/div><div class=\"kt-infobox-textcontent\"><h2 class=\"kt-blocks-info-box-title\"><strong>Anbaumethoden &amp; D\u00fcngung<\/strong><\/h2><p class=\"kt-blocks-info-box-text\">Lorem ipsum dolor sit amet, consectetur adipiscing elit. Aenean diam dolor, accumsan sed rutrum vel, dapibus et leo.<\/p><\/div><\/span><\/div>\n<\/div><\/div>\n\n\n<style>.kadence-column6_768a18-21 > .kt-inside-inner-col,.kadence-column6_768a18-21 > .kt-inside-inner-col:before{border-top-left-radius:0px;border-top-right-radius:0px;border-bottom-right-radius:0px;border-bottom-left-radius:0px;}.kadence-column6_768a18-21 > .kt-inside-inner-col{column-gap:var(--global-kb-gap-sm, 1rem);}.kadence-column6_768a18-21 > .kt-inside-inner-col{flex-direction:column;}.kadence-column6_768a18-21 > .kt-inside-inner-col > .aligncenter{width:100%;}.kadence-column6_768a18-21 > .kt-inside-inner-col:before{opacity:0.3;}.kadence-column6_768a18-21{position:relative;}@media all and (max-width: 1024px){.kadence-column6_768a18-21 > .kt-inside-inner-col{flex-direction:column;justify-content:center;}}@media all and (max-width: 767px){.kadence-column6_768a18-21 > .kt-inside-inner-col{flex-direction:column;justify-content:center;}}<\/style>\n<div class=\"wp-block-kadence-column kadence-column6_768a18-21\"><div class=\"kt-inside-inner-col\"><style>.wp-block-kadence-column.kb-section-dir-horizontal > .kt-inside-inner-col > .kt-info-box6_ae4dcb-d0 .kt-blocks-info-box-link-wrap{max-width:unset;}.kt-info-box6_ae4dcb-d0 .kt-blocks-info-box-link-wrap{border-top:1px solid #248c2d;border-right:1px solid #248c2d;border-bottom:1px solid #248c2d;border-left:1px solid #248c2d;border-top-left-radius:20px;border-top-right-radius:20px;border-bottom-right-radius:20px;border-bottom-left-radius:20px;background:#ffffff;padding-top:var(--global-kb-spacing-sm, 1.5rem);padding-right:var(--global-kb-spacing-sm, 1.5rem);padding-bottom:var(--global-kb-spacing-sm, 1.5rem);padding-left:var(--global-kb-spacing-sm, 1.5rem);margin-top:50px;}.kt-info-box6_ae4dcb-d0 .kadence-info-box-icon-container .kt-info-svg-icon, .kt-info-box6_ae4dcb-d0 .kt-info-svg-icon-flip, .kt-info-box6_ae4dcb-d0 .kt-blocks-info-box-number{font-size:50px;}.kt-info-box6_ae4dcb-d0 .kt-blocks-info-box-media{background:#ffffff;border-color:#248c2d;border-radius:200px;overflow:hidden;border-top-width:1px;border-right-width:1px;border-bottom-width:1px;border-left-width:1px;padding-top:20px;padding-right:20px;padding-bottom:20px;padding-left:20px;}.kt-info-box6_ae4dcb-d0 .kt-blocks-info-box-media-container{margin-top:-75px;margin-right:0px;margin-bottom:20px;margin-left:0px;}.kt-info-box6_ae4dcb-d0 .kt-blocks-info-box-media .kadence-info-box-image-intrisic img{border-radius:200px;}.kt-info-box6_ae4dcb-d0 .kt-infobox-textcontent h2.kt-blocks-info-box-title{padding-top:0px;padding-right:0px;padding-bottom:0px;padding-left:0px;margin-top:5px;margin-right:0px;margin-bottom:10px;margin-left:0px;}.wp-block-kadence-infobox.kt-info-box6_ae4dcb-d0 .kt-blocks-info-box-text{font-size:var(--global-kb-font-size-sm, 0.9rem);font-style:normal;}.kt-info-box6_ae4dcb-d0 .kt-blocks-info-box-text{min-height:600px;}.kt-info-box6_ae4dcb-d0 .kt-blocks-info-box-learnmore{background:transparent;border-width:0px 0px 0px 0px;padding-top:4px;padding-right:8px;padding-bottom:4px;padding-left:8px;margin-top:10px;margin-right:0px;margin-bottom:10px;margin-left:0px;}@media all and (max-width: 1024px){.kt-info-box6_ae4dcb-d0 .kt-blocks-info-box-link-wrap{border-top:1px solid #248c2d;border-right:1px solid #248c2d;border-bottom:1px solid #248c2d;border-left:1px solid #248c2d;}}@media all and (max-width: 1024px){.kt-info-box6_ae4dcb-d0 .kt-blocks-info-box-text{min-height:0px;}}@media all and (max-width: 767px){.kt-info-box6_ae4dcb-d0 .kt-blocks-info-box-link-wrap{border-top:1px solid #248c2d;border-right:1px solid #248c2d;border-bottom:1px solid #248c2d;border-left:1px solid #248c2d;}.kt-info-box6_ae4dcb-d0 .kt-blocks-info-box-text{min-height:0px;}}<\/style>\n<div class=\"wp-block-kadence-infobox kt-info-box6_ae4dcb-d0\"><span class=\"kt-blocks-info-box-link-wrap info-box-link kt-blocks-info-box-media-align-top kt-info-halign-left\"><div class=\"kt-blocks-info-box-media-container\"><div class=\"kt-blocks-info-box-media kt-info-media-animate-none\"><div class=\"kadence-info-box-icon-container kt-info-icon-animate-none\"><div class=\"kadence-info-box-icon-inner-container\"><span class=\"kb-svg-icon-wrap kb-svg-icon-fe_aperture kt-info-svg-icon\"><svg viewBox=\"0 0 24 24\"  fill=\"none\" stroke=\"currentColor\" stroke-width=\"2\" stroke-linecap=\"round\" stroke-linejoin=\"round\" xmlns=\"http:\/\/www.w3.org\/2000\/svg\"  aria-hidden=\"true\"><circle cx=\"12\" cy=\"12\" r=\"10\"\/><line x1=\"14.31\" y1=\"8\" x2=\"20.05\" y2=\"17.94\"\/><line x1=\"9.69\" y1=\"8\" x2=\"21.17\" y2=\"8\"\/><line x1=\"7.38\" y1=\"12\" x2=\"13.12\" y2=\"2.06\"\/><line x1=\"9.69\" y1=\"16\" x2=\"3.95\" y2=\"6.06\"\/><line x1=\"14.31\" y1=\"16\" x2=\"2.83\" y2=\"16\"\/><line x1=\"16.62\" y1=\"12\" x2=\"10.88\" y2=\"21.94\"\/><\/svg><\/span><\/div><\/div><\/div><\/div><div class=\"kt-infobox-textcontent\"><h2 class=\"kt-blocks-info-box-title\">Klima &amp; Abluft<\/h2><p class=\"kt-blocks-info-box-text\">Cannabis \u201eatmet\u201c CO2 und gibt Feuchtigkeit ab. Ohne einen ordentlichen Luftaustausch riskierst du Schimmel oder Wachstumsstopps. Ein gutes Abluftsystem mit Aktivkohlefilter sorgt zudem daf\u00fcr, dass deine Leidenschaft diskret bleibt und keine Ger\u00fcche nach au\u00dfen dringen.<\/p><\/div><\/span><\/div>\n<\/div><\/div>\n\n<\/div><\/div><\/div><\/div>\n","protected":false},"excerpt":{"rendered":"<p>Cannabis Anbau: Die Grundlagen f\u00fcr deinen Erfolg Der eigene Anbau von Cannabis ist eine faszinierende Reise \u2013 vom winzigen Samen bis zur duftenden Ernte. Doch wie jede Pflanze hat auch Cannabis spezifische Anspr\u00fcche an seine Umwelt. Wer die biologischen Grundlagen versteht, legt den Grundstein f\u00fcr gesundes Wachstum und maximale Ertr\u00e4ge. Hier erf\u00e4hrst du alles \u00fcber [&hellip;]<\/p>\n","protected":false},"author":1,"featured_media":0,"parent":0,"menu_order":0,"comment_status":"closed","ping_status":"closed","template":"","meta":{"footnotes":""},"class_list":["post-6","page","type-page","status-publish","hentry"],"_links":{"self":[{"href":"https:\/\/grow-canna.de\/index.php\/wp-json\/wp\/v2\/pages\/6","targetHints":{"allow":["GET"]}}],"collection":[{"href":"https:\/\/grow-canna.de\/index.php\/wp-json\/wp\/v2\/pages"}],"about":[{"href":"https:\/\/grow-canna.de\/index.php\/wp-json\/wp\/v2\/types\/page"}],"author":[{"embeddable":true,"href":"https:\/\/grow-canna.de\/index.php\/wp-json\/wp\/v2\/users\/1"}],"replies":[{"embeddable":true,"href":"https:\/\/grow-canna.de\/index.php\/wp-json\/wp\/v2\/comments?post=6"}],"version-history":[{"count":4,"href":"https:\/\/grow-canna.de\/index.php\/wp-json\/wp\/v2\/pages\/6\/revisions"}],"predecessor-version":[{"id":187,"href":"https:\/\/grow-canna.de\/index.php\/wp-json\/wp\/v2\/pages\/6\/revisions\/187"}],"wp:attachment":[{"href":"https:\/\/grow-canna.de\/index.php\/wp-json\/wp\/v2\/media?parent=6"}],"curies":[{"name":"wp","href":"https:\/\/api.w.org\/{rel}","templated":true}]}}